{"id":7122,"date":"2025-10-13T10:04:47","date_gmt":"2025-10-13T10:04:47","guid":{"rendered":"https:\/\/rysiowapasieka.darys.pl\/?page_id=7122"},"modified":"2025-10-13T10:06:43","modified_gmt":"2025-10-13T10:06:43","slug":"pierzga","status":"publish","type":"page","link":"https:\/\/rysiowapasieka.darys.pl\/?page_id=7122","title":{"rendered":"Pierzga"},"content":{"rendered":"\t\t<div data-elementor-type=\"wp-page\" data-elementor-id=\"7122\" class=\"elementor elementor-7122\">\n\t\t\t\t\t\t\t\t\t<section class=\"elementor-section elementor-top-section elementor-element elementor-element-b332d8e elementor-section-boxed elementor-section-height-default elementor-section-height-default\" data-id=\"b332d8e\" data-element_type=\"section\">\n\t\t\t\t\t\t<div class=\"elementor-container elementor-column-gap-default\">\n\t\t\t\t\t<div class=\"elementor-column elementor-col-100 elementor-top-column elementor-element elementor-element-fab918a\" data-id=\"fab918a\" data-element_type=\"column\">\n\t\t\t<div class=\"elementor-widget-wrap elementor-element-populated\">\n\t\t\t\t\t\t\t\t<div class=\"elementor-element elementor-element-7a84676 elementor-widget elementor-widget-text-editor\" data-id=\"7a84676\" data-element_type=\"widget\" data-widget_type=\"text-editor.default\">\n\t\t\t\t<div class=\"elementor-widget-container\">\n\t\t\t<style>\/*! elementor - v3.6.0 - 21-03-2022 *\/\n.elementor-widget-text-editor.elementor-drop-cap-view-stacked .elementor-drop-cap{background-color:#818a91;color:#fff}.elementor-widget-text-editor.elementor-drop-cap-view-framed .elementor-drop-cap{color:#818a91;border:3px solid;background-color:transparent}.elementor-widget-text-editor:not(.elementor-drop-cap-view-default) .elementor-drop-cap{margin-top:8px}.elementor-widget-text-editor:not(.elementor-drop-cap-view-default) .elementor-drop-cap-letter{width:1em;height:1em}.elementor-widget-text-editor .elementor-drop-cap{float:left;text-align:center;line-height:1;font-size:50px}.elementor-widget-text-editor .elementor-drop-cap-letter{display:inline-block}<\/style>\t\t\t\t<p><span style=\"color: #555454;\"><b>Pierzga <\/b>to py\u0142ek kwiatowy zebrany przez pszczo\u0142y, a nast\u0119pnie przez nie zmagazynowany i zakonserwowany w kom\u00f3rkach plastra. Powstaje w wyniku fermentacji mlekowej. Pierzga stanowi pokarm bia\u0142kowy rodziny pszczelej.<\/span><\/p><p style=\"margin-block: 0px 0.9rem; color: #555454;\">Do najcenniejszych w\u0142a\u015bciwo\u015bci pierzgi nale\u017c\u0105:<\/p><ul style=\"margin-block: 0px; border: 0px; outline: 0px; vertical-align: baseline; background: rgba(255, 255, 255, 0); color: #555454;\"><li style=\"margin-block: 0px; border: 0px; outline: 0px; vertical-align: baseline; background: rgba(255, 255, 255, 0);\">regeneracja organizmu po operacjach oraz kuracjach antybiotykowych,<\/li><li style=\"margin-block: 0px; border: 0px; outline: 0px; vertical-align: baseline; background: rgba(255, 255, 255, 0);\">wzmocnienie przy objawach chronicznego zm\u0119czenia,<\/li><li style=\"margin-block: 0px; border: 0px; outline: 0px; vertical-align: baseline; background: rgba(255, 255, 255, 0);\">wspomaganie uk\u0142adu pokarmowego przy wrzodach, zaparciach i biegunkach,<\/li><li style=\"margin-block: 0px; border: 0px; outline: 0px; vertical-align: baseline; background: rgba(255, 255, 255, 0);\">odtrucie w\u0105troby,<\/li><li style=\"margin-block: 0px; border: 0px; outline: 0px; vertical-align: baseline; background: rgba(255, 255, 255, 0);\">zapobieganie infekcjom.<\/li><\/ul>\t\t\t\t\t\t<\/div>\n\t\t\t\t<\/div>\n\t\t\t\t\t<\/div>\n\t\t<\/div>\n\t\t\t\t\t\t\t<\/div>\n\t\t<\/section>\n\t\t\t\t<section class=\"elementor-section elementor-top-section elementor-element elementor-element-10d8a44 elementor-section-boxed elementor-section-height-default elementor-section-height-default\" data-id=\"10d8a44\" data-element_type=\"section\">\n\t\t\t\t\t\t<div class=\"elementor-container elementor-column-gap-default\">\n\t\t\t\t\t<div class=\"elementor-column elementor-col-100 elementor-top-column elementor-element elementor-element-8de86c8\" data-id=\"8de86c8\" data-element_type=\"column\">\n\t\t\t<div class=\"elementor-widget-wrap elementor-element-populated\">\n\t\t\t\t\t\t\t\t<div class=\"elementor-element elementor-element-e9c818e elementor-widget-divider--view-line elementor-widget elementor-widget-divider\" data-id=\"e9c818e\" data-element_type=\"widget\" data-widget_type=\"divider.default\">\n\t\t\t\t<div class=\"elementor-widget-container\">\n\t\t\t<style>\/*! elementor - v3.6.0 - 21-03-2022 *\/\n.elementor-widget-divider{--divider-border-style:none;--divider-border-width:1px;--divider-color:#2c2c2c;--divider-icon-size:20px;--divider-element-spacing:10px;--divider-pattern-height:24px;--divider-pattern-size:20px;--divider-pattern-url:none;--divider-pattern-repeat:repeat-x}.elementor-widget-divider .elementor-divider{display:-webkit-box;display:-ms-flexbox;display:flex}.elementor-widget-divider .elementor-divider__text{font-size:15px;line-height:1;max-width:95%}.elementor-widget-divider .elementor-divider__element{margin:0 var(--divider-element-spacing);-ms-flex-negative:0;flex-shrink:0}.elementor-widget-divider .elementor-icon{font-size:var(--divider-icon-size)}.elementor-widget-divider .elementor-divider-separator{display:-webkit-box;display:-ms-flexbox;display:flex;margin:0;direction:ltr}.elementor-widget-divider--view-line_icon .elementor-divider-separator,.elementor-widget-divider--view-line_text .elementor-divider-separator{-webkit-box-align:center;-ms-flex-align:center;align-items:center}.elementor-widget-divider--view-line_icon .elementor-divider-separator:after,.elementor-widget-divider--view-line_icon .elementor-divider-separator:before,.elementor-widget-divider--view-line_text .elementor-divider-separator:after,.elementor-widget-divider--view-line_text .elementor-divider-separator:before{display:block;content:\"\";border-bottom:0;-webkit-box-flex:1;-ms-flex-positive:1;flex-grow:1;border-top:var(--divider-border-width) var(--divider-border-style) var(--divider-color)}.elementor-widget-divider--element-align-left .elementor-divider .elementor-divider-separator>.elementor-divider__svg:first-of-type{-webkit-box-flex:0;-ms-flex-positive:0;flex-grow:0;-ms-flex-negative:100;flex-shrink:100}.elementor-widget-divider--element-align-left .elementor-divider-separator:before{content:none}.elementor-widget-divider--element-align-left .elementor-divider__element{margin-left:0}.elementor-widget-divider--element-align-right .elementor-divider .elementor-divider-separator>.elementor-divider__svg:last-of-type{-webkit-box-flex:0;-ms-flex-positive:0;flex-grow:0;-ms-flex-negative:100;flex-shrink:100}.elementor-widget-divider--element-align-right .elementor-divider-separator:after{content:none}.elementor-widget-divider--element-align-right .elementor-divider__element{margin-right:0}.elementor-widget-divider:not(.elementor-widget-divider--view-line_text):not(.elementor-widget-divider--view-line_icon) .elementor-divider-separator{border-top:var(--divider-border-width) var(--divider-border-style) var(--divider-color)}.elementor-widget-divider--separator-type-pattern{--divider-border-style:none}.elementor-widget-divider--separator-type-pattern.elementor-widget-divider--view-line .elementor-divider-separator,.elementor-widget-divider--separator-type-pattern:not(.elementor-widget-divider--view-line) .elementor-divider-separator:after,.elementor-widget-divider--separator-type-pattern:not(.elementor-widget-divider--view-line) .elementor-divider-separator:before,.elementor-widget-divider--separator-type-pattern:not([class*=elementor-widget-divider--view]) .elementor-divider-separator{width:100%;min-height:var(--divider-pattern-height);-webkit-mask-size:var(--divider-pattern-size) 100%;mask-size:var(--divider-pattern-size) 100%;-webkit-mask-repeat:var(--divider-pattern-repeat);mask-repeat:var(--divider-pattern-repeat);background-color:var(--divider-color);-webkit-mask-image:var(--divider-pattern-url);mask-image:var(--divider-pattern-url)}.elementor-widget-divider--no-spacing{--divider-pattern-size:auto}.elementor-widget-divider--bg-round{--divider-pattern-repeat:round}.rtl .elementor-widget-divider .elementor-divider__text{direction:rtl}<\/style>\t\t<div class=\"elementor-divider\">\n\t\t\t<span class=\"elementor-divider-separator\">\n\t\t\t\t\t\t<\/span>\n\t\t<\/div>\n\t\t\t\t<\/div>\n\t\t\t\t<\/div>\n\t\t\t\t<section class=\"elementor-section elementor-inner-section elementor-element elementor-element-43d9ae4 elementor-section-boxed elementor-section-height-default elementor-section-height-default\" data-id=\"43d9ae4\" data-element_type=\"section\">\n\t\t\t\t\t\t<div class=\"elementor-container elementor-column-gap-default\">\n\t\t\t\t\t<div class=\"elementor-column elementor-col-50 elementor-inner-column elementor-element elementor-element-19cecf6\" data-id=\"19cecf6\" data-element_type=\"column\">\n\t\t\t<div class=\"elementor-widget-wrap elementor-element-populated\">\n\t\t\t\t\t\t\t\t<div class=\"elementor-element elementor-element-60ca587 elementor-widget elementor-widget-image\" data-id=\"60ca587\" data-element_type=\"widget\" data-widget_type=\"image.default\">\n\t\t\t\t<div class=\"elementor-widget-container\">\n\t\t\t<style>\/*! elementor - v3.6.0 - 21-03-2022 *\/\n.elementor-widget-image{text-align:center}.elementor-widget-image a{display:inline-block}.elementor-widget-image a img[src$=\".svg\"]{width:48px}.elementor-widget-image img{vertical-align:middle;display:inline-block}<\/style>\t\t\t\t\t\t\t\t\t\t\t\t<img decoding=\"async\" width=\"300\" height=\"225\" src=\"https:\/\/rysiowapasieka.darys.pl\/wp-content\/uploads\/2025\/10\/pierzga300-225.jpg\" class=\"attachment-large size-large\" alt=\"\" loading=\"lazy\" sizes=\"100vw\" \/>\t\t\t\t\t\t\t\t\t\t\t\t\t\t\t<\/div>\n\t\t\t\t<\/div>\n\t\t\t\t\t<\/div>\n\t\t<\/div>\n\t\t\t\t<div class=\"elementor-column elementor-col-50 elementor-inner-column elementor-element elementor-element-72c67a1\" data-id=\"72c67a1\" data-element_type=\"column\">\n\t\t\t<div class=\"elementor-widget-wrap elementor-element-populated\">\n\t\t\t\t\t\t\t\t<div class=\"elementor-element elementor-element-fbaeffd elementor-widget elementor-widget-heading\" data-id=\"fbaeffd\" data-element_type=\"widget\" data-widget_type=\"heading.default\">\n\t\t\t\t<div class=\"elementor-widget-container\">\n\t\t\t<style>\/*! elementor - v3.6.0 - 21-03-2022 *\/\n.elementor-heading-title{padding:0;margin:0;line-height:1}.elementor-widget-heading .elementor-heading-title[class*=elementor-size-]>a{color:inherit;font-size:inherit;line-height:inherit}.elementor-widget-heading .elementor-heading-title.elementor-size-small{font-size:15px}.elementor-widget-heading .elementor-heading-title.elementor-size-medium{font-size:19px}.elementor-widget-heading .elementor-heading-title.elementor-size-large{font-size:29px}.elementor-widget-heading .elementor-heading-title.elementor-size-xl{font-size:39px}.elementor-widget-heading .elementor-heading-title.elementor-size-xxl{font-size:59px}<\/style><h2 class=\"elementor-heading-title elementor-size-medium\">Pierzga<\/h2>\t\t<\/div>\n\t\t\t\t<\/div>\n\t\t\t\t<div class=\"elementor-element elementor-element-8007081 elementor-widget elementor-widget-text-editor\" data-id=\"8007081\" data-element_type=\"widget\" data-widget_type=\"text-editor.default\">\n\t\t\t\t<div class=\"elementor-widget-container\">\n\t\t\t\t\t\t\t<ul><li>s\u0142oik o pojemno\u015bci 900 ml (0,5 kg) &#8211; 150,00 z\u0142<\/li><li>s\u0142oik o pojemno\u015bci 450 ml (0,3 kg)\u00a0 &#8211;\u00a0 90,00 z\u0142<\/li><li>s\u0142oik o pojemno\u015bci 320 ml (0,17 kg) &#8211; 50,00 z\u0142<\/li><\/ul>\t\t\t\t\t\t<\/div>\n\t\t\t\t<\/div>\n\t\t\t\t\t<\/div>\n\t\t<\/div>\n\t\t\t\t\t\t\t<\/div>\n\t\t<\/section>\n\t\t\t\t\t<\/div>\n\t\t<\/div>\n\t\t\t\t\t\t\t<\/div>\n\t\t<\/section>\n\t\t\t\t\t\t\t<\/div>\n\t\t","protected":false},"excerpt":{"rendered":"<p>Pierzga to py\u0142ek kwiatowy zebrany przez pszczo\u0142y, a nast\u0119pnie przez nie zmagazynowany i zakonserwowany w kom\u00f3rkach plastra. Powstaje w wyniku fermentacji mlekowej. Pierzga stanowi pokarm bia\u0142kowy rodziny pszczelej. Do najcenniejszych w\u0142a\u015bciwo\u015bci pierzgi nale\u017c\u0105: regeneracja organizmu po operacjach oraz kuracjach antybiotykowych, wzmocnienie przy objawach chronicznego zm\u0119czenia, wspomaganie uk\u0142adu pokarmowego przy wrzodach, zaparciach i biegunkach, odtrucie w\u0105troby, &hellip; <\/p>\n<p class=\"link-more\"><a href=\"https:\/\/rysiowapasieka.darys.pl\/?page_id=7122\" class=\"more-link\">Read more<span class=\"screen-reader-text\"> &#8222;Pierzga&#8221;<\/span><\/a><\/p>\n","protected":false},"author":1,"featured_media":0,"parent":0,"menu_order":0,"comment_status":"closed","ping_status":"closed","template":"","meta":{"_monsterinsights_skip_tracking":false,"_monsterinsights_sitenote_active":false,"_monsterinsights_sitenote_note":"","_monsterinsights_sitenote_category":0,"inspiro_hide_title":false},"aioseo_notices":[],"_links":{"self":[{"href":"https:\/\/rysiowapasieka.darys.pl\/index.php?rest_route=\/wp\/v2\/pages\/7122"}],"collection":[{"href":"https:\/\/rysiowapasieka.darys.pl\/index.php?rest_route=\/wp\/v2\/pages"}],"about":[{"href":"https:\/\/rysiowapasieka.darys.pl\/index.php?rest_route=\/wp\/v2\/types\/page"}],"author":[{"embeddable":true,"href":"https:\/\/rysiowapasieka.darys.pl\/index.php?rest_route=\/wp\/v2\/users\/1"}],"replies":[{"embeddable":true,"href":"https:\/\/rysiowapasieka.darys.pl\/index.php?rest_route=%2Fwp%2Fv2%2Fcomments&post=7122"}],"version-history":[{"count":3,"href":"https:\/\/rysiowapasieka.darys.pl\/index.php?rest_route=\/wp\/v2\/pages\/7122\/revisions"}],"predecessor-version":[{"id":7127,"href":"https:\/\/rysiowapasieka.darys.pl\/index.php?rest_route=\/wp\/v2\/pages\/7122\/revisions\/7127"}],"wp:attachment":[{"href":"https:\/\/rysiowapasieka.darys.pl\/index.php?rest_route=%2Fwp%2Fv2%2Fmedia&parent=7122"}],"curies":[{"name":"wp","href":"https:\/\/api.w.org\/{rel}","templated":true}]}}