{"id":6959,"date":"2022-03-22T11:33:53","date_gmt":"2022-03-22T11:33:53","guid":{"rendered":"https:\/\/rysiowapasieka.darys.pl\/?page_id=6959"},"modified":"2022-03-22T11:51:51","modified_gmt":"2022-03-22T11:51:51","slug":"truten","status":"publish","type":"page","link":"https:\/\/rysiowapasieka.darys.pl\/?page_id=6959","title":{"rendered":"Trute\u0144"},"content":{"rendered":"\t\t<div data-elementor-type=\"wp-page\" data-elementor-id=\"6959\" class=\"elementor elementor-6959\">\n\t\t\t\t\t\t\t\t\t<section class=\"elementor-section elementor-top-section elementor-element elementor-element-2b3913cc elementor-section-boxed elementor-section-height-default elementor-section-height-default\" data-id=\"2b3913cc\" data-element_type=\"section\">\n\t\t\t\t\t\t<div class=\"elementor-container elementor-column-gap-default\">\n\t\t\t\t\t<div class=\"elementor-column elementor-col-100 elementor-top-column elementor-element elementor-element-32f0b629\" data-id=\"32f0b629\" data-element_type=\"column\">\n\t\t\t<div class=\"elementor-widget-wrap elementor-element-populated\">\n\t\t\t\t\t\t\t\t<div class=\"elementor-element elementor-element-2414b92b elementor-widget elementor-widget-text-editor\" data-id=\"2414b92b\" data-element_type=\"widget\" data-widget_type=\"text-editor.default\">\n\t\t\t\t<div class=\"elementor-widget-container\">\n\t\t\t<style>\/*! elementor - v3.6.0 - 21-03-2022 *\/\n.elementor-widget-text-editor.elementor-drop-cap-view-stacked .elementor-drop-cap{background-color:#818a91;color:#fff}.elementor-widget-text-editor.elementor-drop-cap-view-framed .elementor-drop-cap{color:#818a91;border:3px solid;background-color:transparent}.elementor-widget-text-editor:not(.elementor-drop-cap-view-default) .elementor-drop-cap{margin-top:8px}.elementor-widget-text-editor:not(.elementor-drop-cap-view-default) .elementor-drop-cap-letter{width:1em;height:1em}.elementor-widget-text-editor .elementor-drop-cap{float:left;text-align:center;line-height:1;font-size:50px}.elementor-widget-text-editor .elementor-drop-cap-letter{display:inline-block}<\/style>\t\t\t\t<p><!-- wp:paragraph --><\/p>\n<p>Trutnie w ulu nic nie robi\u0105. \u0141a\u017c\u0105 leniwie po plastrach, nadstawiaj\u0105 j\u0119zyczki, aby pszczo\u0142y je\u00a0karmi\u0142y (same nie pobieraj\u0105 pokarmu). Jedyn\u0105 rol\u0119 jak\u0105 pe\u0142ni\u0105 to jest unasiennienie matki w\u00a0trakcie lotu weselnego. Trute\u0144 po kopulacji natychmiast umiera.<\/p>\n<p><!-- \/wp:paragraph --><\/p>\n<p><!-- wp:paragraph --><\/p>\n<p>Trute\u0144 rozwija si\u0119 z niezap\u0142odnionego jaja sk\u0142adanego przez matk\u0119. Zatem trute\u0144 nie ma ojca,\u00a0ale za to ma dziadka.<\/p>\n<p><!-- \/wp:paragraph --><\/p>\n<p><!-- wp:paragraph --><\/p>\n<p>Trutnie \u017cyj\u0105 w rodzinie pszczelej przez ca\u0142y sezon. W jesieni nie s\u0105 ju\u017c w ulu potrzebne. S\u0105\u00a0zb\u0119dnym baga\u017cem do wykarmienia. W zwi\u0105zku z tym pszczo\u0142y usuwaj\u0105 trutnie jesieni\u0105 z ula.\u00a0Brutalne, ale prawdziwe. Je\u015bli\u00a0jest jaki\u015b osobnik bardzo namolny i nie chce da\u0107 si\u0119 wyp\u0119dzi\u0107 w\u00f3wczas dwie pszczo\u0142y\u00a0robotnice bior\u0105 delikwenta \u201cpod paszki\u201d i wyrzucaj\u0105 z ula.<\/p>\n<p>Na wiosn\u0119 pszczo\u0142y wychowaj\u0105 sobie nowe trutnie.<\/p>\n<p><!-- \/wp:paragraph --><\/p>\t\t\t\t\t\t<\/div>\n\t\t\t\t<\/div>\n\t\t\t\t\t<\/div>\n\t\t<\/div>\n\t\t\t\t\t\t\t<\/div>\n\t\t<\/section>\n\t\t\t\t\t\t\t<\/div>\n\t\t","protected":false},"excerpt":{"rendered":"<p>Trutnie w ulu nic nie robi\u0105. \u0141a\u017c\u0105 leniwie po plastrach, nadstawiaj\u0105 j\u0119zyczki, aby pszczo\u0142y je\u00a0karmi\u0142y (same nie pobieraj\u0105 pokarmu). Jedyn\u0105 rol\u0119 jak\u0105 pe\u0142ni\u0105 to jest unasiennienie matki w\u00a0trakcie lotu weselnego. Trute\u0144 po kopulacji natychmiast umiera. Trute\u0144 rozwija si\u0119 z niezap\u0142odnionego jaja sk\u0142adanego przez matk\u0119. Zatem trute\u0144 nie ma ojca,\u00a0ale za to ma dziadka. Trutnie \u017cyj\u0105 &hellip; <\/p>\n<p class=\"link-more\"><a href=\"https:\/\/rysiowapasieka.darys.pl\/?page_id=6959\" class=\"more-link\">Read more<span class=\"screen-reader-text\"> &#8222;Trute\u0144&#8221;<\/span><\/a><\/p>\n","protected":false},"author":1,"featured_media":0,"parent":0,"menu_order":0,"comment_status":"closed","ping_status":"closed","template":"","meta":{"_monsterinsights_skip_tracking":false,"_monsterinsights_sitenote_active":false,"_monsterinsights_sitenote_note":"","_monsterinsights_sitenote_category":0,"inspiro_hide_title":false},"aioseo_notices":[],"_links":{"self":[{"href":"https:\/\/rysiowapasieka.darys.pl\/index.php?rest_route=\/wp\/v2\/pages\/6959"}],"collection":[{"href":"https:\/\/rysiowapasieka.darys.pl\/index.php?rest_route=\/wp\/v2\/pages"}],"about":[{"href":"https:\/\/rysiowapasieka.darys.pl\/index.php?rest_route=\/wp\/v2\/types\/page"}],"author":[{"embeddable":true,"href":"https:\/\/rysiowapasieka.darys.pl\/index.php?rest_route=\/wp\/v2\/users\/1"}],"replies":[{"embeddable":true,"href":"https:\/\/rysiowapasieka.darys.pl\/index.php?rest_route=%2Fwp%2Fv2%2Fcomments&post=6959"}],"version-history":[{"count":8,"href":"https:\/\/rysiowapasieka.darys.pl\/index.php?rest_route=\/wp\/v2\/pages\/6959\/revisions"}],"predecessor-version":[{"id":6969,"href":"https:\/\/rysiowapasieka.darys.pl\/index.php?rest_route=\/wp\/v2\/pages\/6959\/revisions\/6969"}],"wp:attachment":[{"href":"https:\/\/rysiowapasieka.darys.pl\/index.php?rest_route=%2Fwp%2Fv2%2Fmedia&parent=6959"}],"curies":[{"name":"wp","href":"https:\/\/api.w.org\/{rel}","templated":true}]}}