{"id":6950,"date":"2022-03-22T11:26:34","date_gmt":"2022-03-22T11:26:34","guid":{"rendered":"https:\/\/rysiowapasieka.darys.pl\/?page_id=6950"},"modified":"2022-03-22T11:30:05","modified_gmt":"2022-03-22T11:30:05","slug":"matka-krolowa","status":"publish","type":"page","link":"https:\/\/rysiowapasieka.darys.pl\/?page_id=6950","title":{"rendered":"Matka (kr\u00f3lowa)"},"content":{"rendered":"\t\t<div data-elementor-type=\"wp-page\" data-elementor-id=\"6950\" class=\"elementor elementor-6950\">\n\t\t\t\t\t\t\t\t\t<section class=\"elementor-section elementor-top-section elementor-element elementor-element-718e69f0 elementor-section-boxed elementor-section-height-default elementor-section-height-default\" data-id=\"718e69f0\" data-element_type=\"section\">\n\t\t\t\t\t\t<div class=\"elementor-container elementor-column-gap-default\">\n\t\t\t\t\t<div class=\"elementor-column elementor-col-100 elementor-top-column elementor-element elementor-element-20eec908\" data-id=\"20eec908\" data-element_type=\"column\">\n\t\t\t<div class=\"elementor-widget-wrap elementor-element-populated\">\n\t\t\t\t\t\t\t\t<div class=\"elementor-element elementor-element-6d740b72 elementor-widget elementor-widget-text-editor\" data-id=\"6d740b72\" data-element_type=\"widget\" data-widget_type=\"text-editor.default\">\n\t\t\t\t<div class=\"elementor-widget-container\">\n\t\t\t<style>\/*! elementor - v3.6.0 - 21-03-2022 *\/\n.elementor-widget-text-editor.elementor-drop-cap-view-stacked .elementor-drop-cap{background-color:#818a91;color:#fff}.elementor-widget-text-editor.elementor-drop-cap-view-framed .elementor-drop-cap{color:#818a91;border:3px solid;background-color:transparent}.elementor-widget-text-editor:not(.elementor-drop-cap-view-default) .elementor-drop-cap{margin-top:8px}.elementor-widget-text-editor:not(.elementor-drop-cap-view-default) .elementor-drop-cap-letter{width:1em;height:1em}.elementor-widget-text-editor .elementor-drop-cap{float:left;text-align:center;line-height:1;font-size:50px}.elementor-widget-text-editor .elementor-drop-cap-letter{display:inline-block}<\/style>\t\t\t\t\n<p>Matka pszczela rozwija si\u0119 z jaja zap\u0142odnionego i od czasu z\u0142o\u017cenia jaja do jej wygryzienia mija jedynie 16 dni.<\/p>\n\n<p>Jest to pszczo\u0142a, kt\u00f3ra najd\u0142u\u017cej \u017cyje w rodzinie pszczelej. Jest odpowiedzialna za tworzenie si\u0119 nowych pokole\u0144 pszcz\u00f3\u0142. Tylko matka mo\u017ce sk\u0142ada\u0107 jaja, z kt\u00f3rych rozwijaj\u0105 si\u0119 pszczo\u0142y robotnice i trutnie.<\/p>\n<p>Matka pszczela w kilka dni po tym jak si\u0119 urodzi (wygryzie) wylatuje na jedyny w swoim \u017cyciu lot godowy \u2013 zwany Lotem Weselnym. W trakcie takiego lotu, matka udaje si\u0119 do miejsca zwanego trutowiskiem i tam kopuluje z kilkunastoma trutniami.<br \/>Nast\u0119pnie wraca do ula, z kt\u00f3rego wyfrun\u0119\u0142a i po kilku dniach zaczyna sk\u0142ada\u0107 jaja. Warto tutaj nadmieni\u0107, \u017ce trute\u0144 po kopulacji natychmiast umiera.<\/p>\n\n<p>Matka pszczela jest podstaw\u0105 funkcjonowania rodziny pszczelej. Zdrowa, m\u0142oda matka dzia\u0142a pobudzaj\u0105co i motywuj\u0105co na pszczo\u0142y. W obecno\u015bci matki pszczo\u0142y s\u0105 pracowite, zbieraj\u0105 nektar i py\u0142ek, ch\u0119tnie buduj\u0105 plastry. Je\u015bli z jaki\u015b powod\u00f3w ginie matka pszczela to pszczo\u0142y ju\u017c po 30 minutach od jej utraty zachowuj\u0105 si\u0119 nerwowo. Jakby zdawa\u0142y sobie spraw\u0119, \u017ce ich byt jest zagro\u017cony. Podejmuj\u0105 wtedy czynno\u015bci \u201cratunkowe\u201d, buduj\u0105 mateczniki ratunkowe z kt\u00f3rych wygryz\u0105 si\u0119 m\u0142ode kr\u00f3lowe.<\/p>\n\n<p><br \/>Poniewa\u017c w rodzinie pszczelej jest tylko jedna matka, zatem je\u015bli pszczo\u0142y buduj\u0105 kilka matecznik\u00f3w to co si\u0119 dzieje z tymi matkami. A wi\u0119c pierwsza matka, kt\u00f3ra si\u0119 urodzi \u201clikwiduje\u201d pozosta\u0142e mateczniki. Je\u015bli w tym samym czasie wygryz\u0105 si\u0119 dwie lub wi\u0119cej matek, w\u00f3wczas matki walcz\u0105 ze sob\u0105 i prze\u017cyje najsilniejsza.<\/p>\n\t\t\t\t\t\t<\/div>\n\t\t\t\t<\/div>\n\t\t\t\t\t<\/div>\n\t\t<\/div>\n\t\t\t\t\t\t\t<\/div>\n\t\t<\/section>\n\t\t\t\t\t\t\t<\/div>\n\t\t","protected":false},"excerpt":{"rendered":"<p>Matka pszczela rozwija si\u0119 z jaja zap\u0142odnionego i od czasu z\u0142o\u017cenia jaja do jej wygryzienia mija jedynie 16 dni. Jest to pszczo\u0142a, kt\u00f3ra najd\u0142u\u017cej \u017cyje w rodzinie pszczelej. Jest odpowiedzialna za tworzenie si\u0119 nowych pokole\u0144 pszcz\u00f3\u0142. Tylko matka mo\u017ce sk\u0142ada\u0107 jaja, z kt\u00f3rych rozwijaj\u0105 si\u0119 pszczo\u0142y robotnice i trutnie. Matka pszczela w kilka dni po &hellip; <\/p>\n<p class=\"link-more\"><a href=\"https:\/\/rysiowapasieka.darys.pl\/?page_id=6950\" class=\"more-link\">Read more<span class=\"screen-reader-text\"> &#8222;Matka (kr\u00f3lowa)&#8221;<\/span><\/a><\/p>\n","protected":false},"author":1,"featured_media":0,"parent":0,"menu_order":0,"comment_status":"closed","ping_status":"closed","template":"","meta":{"_monsterinsights_skip_tracking":false,"_monsterinsights_sitenote_active":false,"_monsterinsights_sitenote_note":"","_monsterinsights_sitenote_category":0,"inspiro_hide_title":false},"aioseo_notices":[],"_links":{"self":[{"href":"https:\/\/rysiowapasieka.darys.pl\/index.php?rest_route=\/wp\/v2\/pages\/6950"}],"collection":[{"href":"https:\/\/rysiowapasieka.darys.pl\/index.php?rest_route=\/wp\/v2\/pages"}],"about":[{"href":"https:\/\/rysiowapasieka.darys.pl\/index.php?rest_route=\/wp\/v2\/types\/page"}],"author":[{"embeddable":true,"href":"https:\/\/rysiowapasieka.darys.pl\/index.php?rest_route=\/wp\/v2\/users\/1"}],"replies":[{"embeddable":true,"href":"https:\/\/rysiowapasieka.darys.pl\/index.php?rest_route=%2Fwp%2Fv2%2Fcomments&post=6950"}],"version-history":[{"count":4,"href":"https:\/\/rysiowapasieka.darys.pl\/index.php?rest_route=\/wp\/v2\/pages\/6950\/revisions"}],"predecessor-version":[{"id":6955,"href":"https:\/\/rysiowapasieka.darys.pl\/index.php?rest_route=\/wp\/v2\/pages\/6950\/revisions\/6955"}],"wp:attachment":[{"href":"https:\/\/rysiowapasieka.darys.pl\/index.php?rest_route=%2Fwp%2Fv2%2Fmedia&parent=6950"}],"curies":[{"name":"wp","href":"https:\/\/api.w.org\/{rel}","templated":true}]}}