{"id":6930,"date":"2022-03-22T10:38:56","date_gmt":"2022-03-22T10:38:56","guid":{"rendered":"https:\/\/rysiowapasieka.darys.pl\/?page_id=6930"},"modified":"2022-03-22T11:03:35","modified_gmt":"2022-03-22T11:03:35","slug":"robotnica","status":"publish","type":"page","link":"https:\/\/rysiowapasieka.darys.pl\/?page_id=6930","title":{"rendered":"Robotnica"},"content":{"rendered":"\t\t<div data-elementor-type=\"wp-page\" data-elementor-id=\"6930\" class=\"elementor elementor-6930\">\n\t\t\t\t\t\t\t\t\t<section class=\"elementor-section elementor-top-section elementor-element elementor-element-57f45cfa elementor-section-boxed elementor-section-height-default elementor-section-height-default\" data-id=\"57f45cfa\" data-element_type=\"section\">\n\t\t\t\t\t\t<div class=\"elementor-container elementor-column-gap-default\">\n\t\t\t\t\t<div class=\"elementor-column elementor-col-100 elementor-top-column elementor-element elementor-element-5cf8828d\" data-id=\"5cf8828d\" data-element_type=\"column\">\n\t\t\t<div class=\"elementor-widget-wrap elementor-element-populated\">\n\t\t\t\t\t\t\t\t<div class=\"elementor-element elementor-element-f2b0221 elementor-widget elementor-widget-text-editor\" data-id=\"f2b0221\" data-element_type=\"widget\" data-widget_type=\"text-editor.default\">\n\t\t\t\t<div class=\"elementor-widget-container\">\n\t\t\t<style>\/*! elementor - v3.6.0 - 21-03-2022 *\/\n.elementor-widget-text-editor.elementor-drop-cap-view-stacked .elementor-drop-cap{background-color:#818a91;color:#fff}.elementor-widget-text-editor.elementor-drop-cap-view-framed .elementor-drop-cap{color:#818a91;border:3px solid;background-color:transparent}.elementor-widget-text-editor:not(.elementor-drop-cap-view-default) .elementor-drop-cap{margin-top:8px}.elementor-widget-text-editor:not(.elementor-drop-cap-view-default) .elementor-drop-cap-letter{width:1em;height:1em}.elementor-widget-text-editor .elementor-drop-cap{float:left;text-align:center;line-height:1;font-size:50px}.elementor-widget-text-editor .elementor-drop-cap-letter{display:inline-block}<\/style>\t\t\t\t<p><!-- wp:paragraph --><\/p>\n<p>W rodzinie pszczelej wyst\u0119puje podzia\u0142 pszcz\u00f3\u0142 robotnic w zale\u017cno\u015bci od ich wieku. Pszczo\u0142a robotnica rodzi si\u0119 (wygryza) po 21 dniach od z\u0142o\u017cenia zap\u0142odnionego jaja przez matk\u0119 pszczel\u0105.<\/p>\n<p>Przez:<\/p>\n<ul>\n<li><strong>1-3<\/strong> dni po wygryzieniu zajmuje si\u0119 czyszczeniem i polerowaniem kom\u00f3rek w plastrze przygotowuj\u0105c je pod nast\u0119pne pokolenia pszcz\u00f3\u0142,<\/li>\n<li><strong>od 3-6<\/strong> dnia zajmuj\u0105 si\u0119 karmieniem larw starszych,<\/li>\n<li><strong>od 7-14<\/strong> dnia zajmuj\u0105 si\u0119 karmieniem larw m\u0142odszych,<\/li>\n<li><strong>od 8-14<\/strong> dnia zajmuj\u0105 si\u0119 odbieraniem py\u0142ku i nektaru od pszcz\u00f3\u0142 zbieraczek. Nektar przerabiaj\u0105 na mi\u00f3d a py\u0142ek jest magazynowany w kom\u00f3rkach, ubijany g\u0142ow\u0105; taki py\u0142ek nazywa si\u0119 pierzg\u0105,<\/li>\n<li><strong>od 15-18<\/strong> dnia zajmuj\u0105 si\u0119 budow\u0105 plastr\u00f3w,<\/li>\n<li><strong>od 19-21<\/strong> dnia zajmuj\u0105 si\u0119 obron\u0105 gniazda \u2013 stra\u017cniczki,<\/li>\n<li><strong>od 21<\/strong> do ko\u0144ca swojego \u017cycia pracuj\u0105 jako zbieraczki.<\/li>\n<\/ul>\n<p>Pszczo\u0142y umieraj\u0105 w wi\u0119kszo\u015bci z przepracowania w 5-6 tygodniu swojego \u017cycia.<\/p>\n<p>Aby pszczo\u0142y mog\u0142y wyprodukowa\u0107 jeden kilogram miodu musz\u0105:<\/p>\n<ul>\n<li>wykona\u0107 ok 160 tysi\u0119cy lot\u00f3w,<\/li>\n<li>odwiedzi\u0107 kwiat\u00f3w od 200 tysi\u0119cy (lipa) do 2 mln 100 tysi\u0119cy (facelia),<\/li>\n<li>a nast\u0119pnie odparowa\u0107 nadmiar wody. W miodzie dojrza\u0142ym wody jest nie wi\u0119cej ni\u017c 20%, natomiast w nektarze zawarto\u015b\u0107 wody mo\u017ce dochodzi\u0107 do 80%.<\/li>\n<\/ul>\n<div>Rodzina pszczela na swoje potrzeby rocznie zu\u017cywa oko\u0142o 80 kg miodu oraz oko\u0142o 15 -30 kg py\u0142ku.<\/div>\n<div>\n<p>Pszczo\u0142y zbieraczki w poszukiwaniu \u017ar\u00f3de\u0142 nektaru i py\u0142ku odlatuj\u0105 max na 2 km od ula. Mo\u017ce si\u0119 jednak zd\u0105\u017cy\u0107 \u017ce odleg\u0142o\u015b\u0107, na kt\u00f3ra lec\u0105 b\u0119dzie wynosi\u0142a nawet 5 km. Lot taki jest nieekonomiczny, bo wi\u0119cej miodu zu\u017cyj\u0105 na sam lot ni\u017c przynios\u0105 do ula.<\/p>\n<p>Dziennie jedna pszczo\u0142a zbieraczka wykonuje:<\/p>\n<ul>\n<li>ok 10 lot\u00f3w po nektar<\/li>\n<li>ok 15 lot\u00f3w po py\u0142ek<\/li>\n<li>ok 100 lot\u00f3w po wod\u0119<\/li>\n<\/ul>\n<p>D\u0142ugo\u015b\u0107 \u017cycia pszcz\u00f3\u0142 wynosi<span style=\"color: var( --e-global-color-text ); font-family: var( --e-global-typography-text-font-family ), Sans-serif; font-weight: var( --e-global-typography-text-font-weight );\">\u00a0do 5 tygodni w sezonie. Natomiast pszczo\u0142y zimuj\u0105ce nawet 6 miesi\u0119cy od (sierpnia-wrze\u015bnia do marca-kwietnia a czasami nawet do maja.<\/span><\/p>\n<\/div>\t\t\t\t\t\t<\/div>\n\t\t\t\t<\/div>\n\t\t\t\t\t<\/div>\n\t\t<\/div>\n\t\t\t\t\t\t\t<\/div>\n\t\t<\/section>\n\t\t\t\t\t\t\t<\/div>\n\t\t","protected":false},"excerpt":{"rendered":"<p>W rodzinie pszczelej wyst\u0119puje podzia\u0142 pszcz\u00f3\u0142 robotnic w zale\u017cno\u015bci od ich wieku. Pszczo\u0142a robotnica rodzi si\u0119 (wygryza) po 21 dniach od z\u0142o\u017cenia zap\u0142odnionego jaja przez matk\u0119 pszczel\u0105. Przez: 1-3 dni po wygryzieniu zajmuje si\u0119 czyszczeniem i polerowaniem kom\u00f3rek w plastrze przygotowuj\u0105c je pod nast\u0119pne pokolenia pszcz\u00f3\u0142, od 3-6 dnia zajmuj\u0105 si\u0119 karmieniem larw starszych, od &hellip; <\/p>\n<p class=\"link-more\"><a href=\"https:\/\/rysiowapasieka.darys.pl\/?page_id=6930\" class=\"more-link\">Read more<span class=\"screen-reader-text\"> &#8222;Robotnica&#8221;<\/span><\/a><\/p>\n","protected":false},"author":1,"featured_media":0,"parent":0,"menu_order":0,"comment_status":"closed","ping_status":"closed","template":"","meta":{"_monsterinsights_skip_tracking":false,"_monsterinsights_sitenote_active":false,"_monsterinsights_sitenote_note":"","_monsterinsights_sitenote_category":0,"inspiro_hide_title":false},"aioseo_notices":[],"_links":{"self":[{"href":"https:\/\/rysiowapasieka.darys.pl\/index.php?rest_route=\/wp\/v2\/pages\/6930"}],"collection":[{"href":"https:\/\/rysiowapasieka.darys.pl\/index.php?rest_route=\/wp\/v2\/pages"}],"about":[{"href":"https:\/\/rysiowapasieka.darys.pl\/index.php?rest_route=\/wp\/v2\/types\/page"}],"author":[{"embeddable":true,"href":"https:\/\/rysiowapasieka.darys.pl\/index.php?rest_route=\/wp\/v2\/users\/1"}],"replies":[{"embeddable":true,"href":"https:\/\/rysiowapasieka.darys.pl\/index.php?rest_route=%2Fwp%2Fv2%2Fcomments&post=6930"}],"version-history":[{"count":11,"href":"https:\/\/rysiowapasieka.darys.pl\/index.php?rest_route=\/wp\/v2\/pages\/6930\/revisions"}],"predecessor-version":[{"id":6942,"href":"https:\/\/rysiowapasieka.darys.pl\/index.php?rest_route=\/wp\/v2\/pages\/6930\/revisions\/6942"}],"wp:attachment":[{"href":"https:\/\/rysiowapasieka.darys.pl\/index.php?rest_route=%2Fwp%2Fv2%2Fmedia&parent=6930"}],"curies":[{"name":"wp","href":"https:\/\/api.w.org\/{rel}","templated":true}]}}