{"id":6797,"date":"2022-03-15T10:45:38","date_gmt":"2022-03-15T10:45:38","guid":{"rendered":"https:\/\/rysiowapasieka.darys.pl\/?page_id=6797"},"modified":"2022-10-05T18:59:24","modified_gmt":"2022-10-05T18:59:24","slug":"propolis-3","status":"publish","type":"page","link":"https:\/\/rysiowapasieka.darys.pl\/?page_id=6797","title":{"rendered":"Propolis"},"content":{"rendered":"\t\t<div data-elementor-type=\"wp-page\" data-elementor-id=\"6797\" class=\"elementor elementor-6797\">\n\t\t\t\t\t\t\t\t\t<section class=\"elementor-section elementor-top-section elementor-element elementor-element-57fbd30 elementor-section-boxed elementor-section-height-default elementor-section-height-default\" data-id=\"57fbd30\" data-element_type=\"section\">\n\t\t\t\t\t\t<div class=\"elementor-container elementor-column-gap-default\">\n\t\t\t\t\t<div class=\"elementor-column elementor-col-100 elementor-top-column elementor-element elementor-element-7a88a5f\" data-id=\"7a88a5f\" data-element_type=\"column\">\n\t\t\t<div class=\"elementor-widget-wrap elementor-element-populated\">\n\t\t\t\t\t\t\t\t<div class=\"elementor-element elementor-element-7edcc29 elementor-widget elementor-widget-text-editor\" data-id=\"7edcc29\" data-element_type=\"widget\" data-widget_type=\"text-editor.default\">\n\t\t\t\t<div class=\"elementor-widget-container\">\n\t\t\t<style>\/*! elementor - v3.6.0 - 21-03-2022 *\/\n.elementor-widget-text-editor.elementor-drop-cap-view-stacked .elementor-drop-cap{background-color:#818a91;color:#fff}.elementor-widget-text-editor.elementor-drop-cap-view-framed .elementor-drop-cap{color:#818a91;border:3px solid;background-color:transparent}.elementor-widget-text-editor:not(.elementor-drop-cap-view-default) .elementor-drop-cap{margin-top:8px}.elementor-widget-text-editor:not(.elementor-drop-cap-view-default) .elementor-drop-cap-letter{width:1em;height:1em}.elementor-widget-text-editor .elementor-drop-cap{float:left;text-align:center;line-height:1;font-size:50px}.elementor-widget-text-editor .elementor-drop-cap-letter{display:inline-block}<\/style>\t\t\t\t<p>Propolis (kit pszczeli) &#8211; to produkt wytwarzany przez pszczo\u0142y ze sk\u0142adnik\u00f3w zbieranych z ro\u015blin. Stanowi dla pszcz\u00f3\u0142 materia\u0142 uszczelniaj\u0105cy oraz dezynfekcyjny. Posiada w\u0142a\u015bciwo\u015bci przeciwwirusowe, przeciwzapalne, bakteriob\u00f3jcze, przeciwgrzybiczne i regeneruj\u0105ce. Jest naturalnym antybiotykiem. Najcz\u0119\u015bciej stosowany jest do:<\/p><ul><li>wspomagania leczenia infekcji dr\u00f3g oddechowych (b\u00f3l gard\u0142a, krtani),<\/li><li>zwalczania wirusa opryszczki, aft, ple\u015bniawek,<\/li><li>usuwania zmian na sk\u00f3rze (przy\u015bpiesza gojenie ran, oparze\u0144, odle\u017cyn),<\/li><li>wzmacniania odporno\u015bci organizmu.<\/li><\/ul><p>U nas dost\u0119pny w postaci naturalnej, nalewki spirytusowej oraz ma\u015bci z wazelin\u0105.<\/p>\t\t\t\t\t\t<\/div>\n\t\t\t\t<\/div>\n\t\t\t\t\t<\/div>\n\t\t<\/div>\n\t\t\t\t\t\t\t<\/div>\n\t\t<\/section>\n\t\t\t\t<section class=\"elementor-section elementor-top-section elementor-element elementor-element-a5fa59c elementor-section-boxed elementor-section-height-default elementor-section-height-default\" data-id=\"a5fa59c\" data-element_type=\"section\">\n\t\t\t\t\t\t<div class=\"elementor-container elementor-column-gap-default\">\n\t\t\t\t\t<div class=\"elementor-column elementor-col-100 elementor-top-column elementor-element elementor-element-71d1dc9\" data-id=\"71d1dc9\" data-element_type=\"column\">\n\t\t\t<div class=\"elementor-widget-wrap elementor-element-populated\">\n\t\t\t\t\t\t\t\t<div class=\"elementor-element elementor-element-075221a elementor-widget-divider--view-line elementor-widget elementor-widget-divider\" data-id=\"075221a\" data-element_type=\"widget\" data-widget_type=\"divider.default\">\n\t\t\t\t<div class=\"elementor-widget-container\">\n\t\t\t<style>\/*! elementor - v3.6.0 - 21-03-2022 *\/\n.elementor-widget-divider{--divider-border-style:none;--divider-border-width:1px;--divider-color:#2c2c2c;--divider-icon-size:20px;--divider-element-spacing:10px;--divider-pattern-height:24px;--divider-pattern-size:20px;--divider-pattern-url:none;--divider-pattern-repeat:repeat-x}.elementor-widget-divider .elementor-divider{display:-webkit-box;display:-ms-flexbox;display:flex}.elementor-widget-divider .elementor-divider__text{font-size:15px;line-height:1;max-width:95%}.elementor-widget-divider .elementor-divider__element{margin:0 var(--divider-element-spacing);-ms-flex-negative:0;flex-shrink:0}.elementor-widget-divider .elementor-icon{font-size:var(--divider-icon-size)}.elementor-widget-divider .elementor-divider-separator{display:-webkit-box;display:-ms-flexbox;display:flex;margin:0;direction:ltr}.elementor-widget-divider--view-line_icon .elementor-divider-separator,.elementor-widget-divider--view-line_text .elementor-divider-separator{-webkit-box-align:center;-ms-flex-align:center;align-items:center}.elementor-widget-divider--view-line_icon .elementor-divider-separator:after,.elementor-widget-divider--view-line_icon .elementor-divider-separator:before,.elementor-widget-divider--view-line_text .elementor-divider-separator:after,.elementor-widget-divider--view-line_text .elementor-divider-separator:before{display:block;content:\"\";border-bottom:0;-webkit-box-flex:1;-ms-flex-positive:1;flex-grow:1;border-top:var(--divider-border-width) var(--divider-border-style) var(--divider-color)}.elementor-widget-divider--element-align-left .elementor-divider .elementor-divider-separator>.elementor-divider__svg:first-of-type{-webkit-box-flex:0;-ms-flex-positive:0;flex-grow:0;-ms-flex-negative:100;flex-shrink:100}.elementor-widget-divider--element-align-left .elementor-divider-separator:before{content:none}.elementor-widget-divider--element-align-left .elementor-divider__element{margin-left:0}.elementor-widget-divider--element-align-right .elementor-divider .elementor-divider-separator>.elementor-divider__svg:last-of-type{-webkit-box-flex:0;-ms-flex-positive:0;flex-grow:0;-ms-flex-negative:100;flex-shrink:100}.elementor-widget-divider--element-align-right .elementor-divider-separator:after{content:none}.elementor-widget-divider--element-align-right .elementor-divider__element{margin-right:0}.elementor-widget-divider:not(.elementor-widget-divider--view-line_text):not(.elementor-widget-divider--view-line_icon) .elementor-divider-separator{border-top:var(--divider-border-width) var(--divider-border-style) var(--divider-color)}.elementor-widget-divider--separator-type-pattern{--divider-border-style:none}.elementor-widget-divider--separator-type-pattern.elementor-widget-divider--view-line .elementor-divider-separator,.elementor-widget-divider--separator-type-pattern:not(.elementor-widget-divider--view-line) .elementor-divider-separator:after,.elementor-widget-divider--separator-type-pattern:not(.elementor-widget-divider--view-line) .elementor-divider-separator:before,.elementor-widget-divider--separator-type-pattern:not([class*=elementor-widget-divider--view]) .elementor-divider-separator{width:100%;min-height:var(--divider-pattern-height);-webkit-mask-size:var(--divider-pattern-size) 100%;mask-size:var(--divider-pattern-size) 100%;-webkit-mask-repeat:var(--divider-pattern-repeat);mask-repeat:var(--divider-pattern-repeat);background-color:var(--divider-color);-webkit-mask-image:var(--divider-pattern-url);mask-image:var(--divider-pattern-url)}.elementor-widget-divider--no-spacing{--divider-pattern-size:auto}.elementor-widget-divider--bg-round{--divider-pattern-repeat:round}.rtl .elementor-widget-divider .elementor-divider__text{direction:rtl}<\/style>\t\t<div class=\"elementor-divider\">\n\t\t\t<span class=\"elementor-divider-separator\">\n\t\t\t\t\t\t<\/span>\n\t\t<\/div>\n\t\t\t\t<\/div>\n\t\t\t\t<\/div>\n\t\t\t\t<section class=\"elementor-section elementor-inner-section elementor-element elementor-element-c757d16 elementor-section-boxed elementor-section-height-default elementor-section-height-default\" data-id=\"c757d16\" data-element_type=\"section\">\n\t\t\t\t\t\t<div class=\"elementor-container elementor-column-gap-default\">\n\t\t\t\t\t<div class=\"elementor-column elementor-col-50 elementor-inner-column elementor-element elementor-element-924fcea\" data-id=\"924fcea\" data-element_type=\"column\">\n\t\t\t<div class=\"elementor-widget-wrap elementor-element-populated\">\n\t\t\t\t\t\t\t\t<div class=\"elementor-element elementor-element-5e325e1 elementor-widget elementor-widget-image\" data-id=\"5e325e1\" data-element_type=\"widget\" data-widget_type=\"image.default\">\n\t\t\t\t<div class=\"elementor-widget-container\">\n\t\t\t<style>\/*! elementor - v3.6.0 - 21-03-2022 *\/\n.elementor-widget-image{text-align:center}.elementor-widget-image a{display:inline-block}.elementor-widget-image a img[src$=\".svg\"]{width:48px}.elementor-widget-image img{vertical-align:middle;display:inline-block}<\/style>\t\t\t\t\t\t\t\t\t\t\t\t<img decoding=\"async\" width=\"950\" height=\"713\" src=\"https:\/\/rysiowapasieka.darys.pl\/wp-content\/uploads\/2022\/10\/kit-1024x768.jpg\" class=\"attachment-large size-large\" alt=\"\" loading=\"lazy\" srcset=\"https:\/\/rysiowapasieka.darys.pl\/wp-content\/uploads\/2022\/10\/kit-1024x768.jpg 1024w, https:\/\/rysiowapasieka.darys.pl\/wp-content\/uploads\/2022\/10\/kit-300x225.jpg 300w, https:\/\/rysiowapasieka.darys.pl\/wp-content\/uploads\/2022\/10\/kit-768x576.jpg 768w, https:\/\/rysiowapasieka.darys.pl\/wp-content\/uploads\/2022\/10\/kit-1536x1152.jpg 1536w, https:\/\/rysiowapasieka.darys.pl\/wp-content\/uploads\/2022\/10\/kit-2048x1536.jpg 2048w, https:\/\/rysiowapasieka.darys.pl\/wp-content\/uploads\/2022\/10\/kit-2000x1500.jpg 2000w\" sizes=\"100vw\" \/>\t\t\t\t\t\t\t\t\t\t\t\t\t\t\t<\/div>\n\t\t\t\t<\/div>\n\t\t\t\t\t<\/div>\n\t\t<\/div>\n\t\t\t\t<div class=\"elementor-column elementor-col-50 elementor-inner-column elementor-element elementor-element-83acae9\" data-id=\"83acae9\" data-element_type=\"column\">\n\t\t\t<div class=\"elementor-widget-wrap elementor-element-populated\">\n\t\t\t\t\t\t\t\t<div class=\"elementor-element elementor-element-73f8615 elementor-widget elementor-widget-heading\" data-id=\"73f8615\" data-element_type=\"widget\" data-widget_type=\"heading.default\">\n\t\t\t\t<div class=\"elementor-widget-container\">\n\t\t\t<style>\/*! elementor - v3.6.0 - 21-03-2022 *\/\n.elementor-heading-title{padding:0;margin:0;line-height:1}.elementor-widget-heading .elementor-heading-title[class*=elementor-size-]>a{color:inherit;font-size:inherit;line-height:inherit}.elementor-widget-heading .elementor-heading-title.elementor-size-small{font-size:15px}.elementor-widget-heading .elementor-heading-title.elementor-size-medium{font-size:19px}.elementor-widget-heading .elementor-heading-title.elementor-size-large{font-size:29px}.elementor-widget-heading .elementor-heading-title.elementor-size-xl{font-size:39px}.elementor-widget-heading .elementor-heading-title.elementor-size-xxl{font-size:59px}<\/style><h2 class=\"elementor-heading-title elementor-size-medium\">Propolis \/ kit pszczeli<\/h2>\t\t<\/div>\n\t\t\t\t<\/div>\n\t\t\t\t<div class=\"elementor-element elementor-element-0c1c94d elementor-widget elementor-widget-text-editor\" data-id=\"0c1c94d\" data-element_type=\"widget\" data-widget_type=\"text-editor.default\">\n\t\t\t\t<div class=\"elementor-widget-container\">\n\t\t\t\t\t\t\t<ul><li>naturalny, surowy<\/li><li>waga 50 g\u00a0<\/li><li>cena: 30,00 z\u0142<\/li><\/ul>\t\t\t\t\t\t<\/div>\n\t\t\t\t<\/div>\n\t\t\t\t\t<\/div>\n\t\t<\/div>\n\t\t\t\t\t\t\t<\/div>\n\t\t<\/section>\n\t\t\t\t\t<\/div>\n\t\t<\/div>\n\t\t\t\t\t\t\t<\/div>\n\t\t<\/section>\n\t\t\t\t<section class=\"elementor-section elementor-top-section elementor-element elementor-element-48d0f7e elementor-section-boxed elementor-section-height-default elementor-section-height-default\" data-id=\"48d0f7e\" data-element_type=\"section\">\n\t\t\t\t\t\t<div class=\"elementor-container elementor-column-gap-default\">\n\t\t\t\t\t<div class=\"elementor-column elementor-col-100 elementor-top-column elementor-element elementor-element-90a7f30\" data-id=\"90a7f30\" data-element_type=\"column\">\n\t\t\t<div class=\"elementor-widget-wrap elementor-element-populated\">\n\t\t\t\t\t\t\t\t<div class=\"elementor-element elementor-element-67e5e17 elementor-widget-divider--view-line elementor-widget elementor-widget-divider\" data-id=\"67e5e17\" data-element_type=\"widget\" data-widget_type=\"divider.default\">\n\t\t\t\t<div class=\"elementor-widget-container\">\n\t\t\t\t\t<div class=\"elementor-divider\">\n\t\t\t<span class=\"elementor-divider-separator\">\n\t\t\t\t\t\t<\/span>\n\t\t<\/div>\n\t\t\t\t<\/div>\n\t\t\t\t<\/div>\n\t\t\t\t<section class=\"elementor-section elementor-inner-section elementor-element elementor-element-695cef3 elementor-section-boxed elementor-section-height-default elementor-section-height-default\" data-id=\"695cef3\" data-element_type=\"section\">\n\t\t\t\t\t\t<div class=\"elementor-container elementor-column-gap-default\">\n\t\t\t\t\t<div class=\"elementor-column elementor-col-50 elementor-inner-column elementor-element elementor-element-7b995ae\" data-id=\"7b995ae\" data-element_type=\"column\">\n\t\t\t<div class=\"elementor-widget-wrap elementor-element-populated\">\n\t\t\t\t\t\t\t\t<div class=\"elementor-element elementor-element-282a287 elementor-widget elementor-widget-image\" data-id=\"282a287\" data-element_type=\"widget\" data-widget_type=\"image.default\">\n\t\t\t\t<div class=\"elementor-widget-container\">\n\t\t\t\t\t\t\t\t\t\t\t\t\t\t\t<img decoding=\"async\" width=\"950\" height=\"713\" src=\"https:\/\/rysiowapasieka.darys.pl\/wp-content\/uploads\/2022\/03\/nalewka_50-1024x768.jpg\" class=\"attachment-large size-large\" alt=\"\" loading=\"lazy\" srcset=\"https:\/\/rysiowapasieka.darys.pl\/wp-content\/uploads\/2022\/03\/nalewka_50-1024x768.jpg 1024w, https:\/\/rysiowapasieka.darys.pl\/wp-content\/uploads\/2022\/03\/nalewka_50-300x225.jpg 300w, https:\/\/rysiowapasieka.darys.pl\/wp-content\/uploads\/2022\/03\/nalewka_50-768x576.jpg 768w, https:\/\/rysiowapasieka.darys.pl\/wp-content\/uploads\/2022\/03\/nalewka_50-1536x1152.jpg 1536w, https:\/\/rysiowapasieka.darys.pl\/wp-content\/uploads\/2022\/03\/nalewka_50-2048x1536.jpg 2048w, https:\/\/rysiowapasieka.darys.pl\/wp-content\/uploads\/2022\/03\/nalewka_50-2000x1500.jpg 2000w\" sizes=\"100vw\" \/>\t\t\t\t\t\t\t\t\t\t\t\t\t\t\t<\/div>\n\t\t\t\t<\/div>\n\t\t\t\t\t<\/div>\n\t\t<\/div>\n\t\t\t\t<div class=\"elementor-column elementor-col-50 elementor-inner-column elementor-element elementor-element-6dee4a7\" data-id=\"6dee4a7\" data-element_type=\"column\">\n\t\t\t<div class=\"elementor-widget-wrap elementor-element-populated\">\n\t\t\t\t\t\t\t\t<div class=\"elementor-element elementor-element-6a40b05 elementor-widget elementor-widget-heading\" data-id=\"6a40b05\" data-element_type=\"widget\" data-widget_type=\"heading.default\">\n\t\t\t\t<div class=\"elementor-widget-container\">\n\t\t\t<h2 class=\"elementor-heading-title elementor-size-medium\">Nalewka propolisowa<\/h2>\t\t<\/div>\n\t\t\t\t<\/div>\n\t\t\t\t<div class=\"elementor-element elementor-element-f14835e elementor-widget elementor-widget-text-editor\" data-id=\"f14835e\" data-element_type=\"widget\" data-widget_type=\"text-editor.default\">\n\t\t\t\t<div class=\"elementor-widget-container\">\n\t\t\t\t\t\t\t<ul><li>butelka ze szk\u0142a z pipet\u0105<\/li><li>pojemno\u015b\u0107 30ml &#8211; 20,00 z\u0142,<\/li><li>pojemno\u015b\u0107 50 ml &#8211; 30,00 z\u0142<\/li><li>pojemno\u015b\u0107 100 ml &#8211; 50,00 z\u0142<\/li><\/ul>\t\t\t\t\t\t<\/div>\n\t\t\t\t<\/div>\n\t\t\t\t\t<\/div>\n\t\t<\/div>\n\t\t\t\t\t\t\t<\/div>\n\t\t<\/section>\n\t\t\t\t\t<\/div>\n\t\t<\/div>\n\t\t\t\t\t\t\t<\/div>\n\t\t<\/section>\n\t\t\t\t<section class=\"elementor-section elementor-top-section elementor-element elementor-element-855d8e4 elementor-section-boxed elementor-section-height-default elementor-section-height-default\" data-id=\"855d8e4\" data-element_type=\"section\">\n\t\t\t\t\t\t<div class=\"elementor-container elementor-column-gap-default\">\n\t\t\t\t\t<div class=\"elementor-column elementor-col-100 elementor-top-column elementor-element elementor-element-bc024b4\" data-id=\"bc024b4\" data-element_type=\"column\">\n\t\t\t<div class=\"elementor-widget-wrap elementor-element-populated\">\n\t\t\t\t\t\t\t\t<div class=\"elementor-element elementor-element-a450813 elementor-widget-divider--view-line elementor-widget elementor-widget-divider\" data-id=\"a450813\" data-element_type=\"widget\" data-widget_type=\"divider.default\">\n\t\t\t\t<div class=\"elementor-widget-container\">\n\t\t\t\t\t<div class=\"elementor-divider\">\n\t\t\t<span class=\"elementor-divider-separator\">\n\t\t\t\t\t\t<\/span>\n\t\t<\/div>\n\t\t\t\t<\/div>\n\t\t\t\t<\/div>\n\t\t\t\t<section class=\"elementor-section elementor-inner-section elementor-element elementor-element-23cf847 elementor-section-boxed elementor-section-height-default elementor-section-height-default\" data-id=\"23cf847\" data-element_type=\"section\">\n\t\t\t\t\t\t<div class=\"elementor-container elementor-column-gap-default\">\n\t\t\t\t\t<div class=\"elementor-column elementor-col-50 elementor-inner-column elementor-element elementor-element-90040e2\" data-id=\"90040e2\" data-element_type=\"column\">\n\t\t\t<div class=\"elementor-widget-wrap elementor-element-populated\">\n\t\t\t\t\t\t\t\t<div class=\"elementor-element elementor-element-f14c3e8 elementor-widget elementor-widget-image\" data-id=\"f14c3e8\" data-element_type=\"widget\" data-widget_type=\"image.default\">\n\t\t\t\t<div class=\"elementor-widget-container\">\n\t\t\t\t\t\t\t\t\t\t\t\t\t\t\t<img decoding=\"async\" width=\"950\" height=\"713\" src=\"https:\/\/rysiowapasieka.darys.pl\/wp-content\/uploads\/2022\/03\/masc_30-1024x768.jpg\" class=\"attachment-large size-large\" alt=\"\" loading=\"lazy\" srcset=\"https:\/\/rysiowapasieka.darys.pl\/wp-content\/uploads\/2022\/03\/masc_30-1024x768.jpg 1024w, https:\/\/rysiowapasieka.darys.pl\/wp-content\/uploads\/2022\/03\/masc_30-300x225.jpg 300w, https:\/\/rysiowapasieka.darys.pl\/wp-content\/uploads\/2022\/03\/masc_30-768x576.jpg 768w, https:\/\/rysiowapasieka.darys.pl\/wp-content\/uploads\/2022\/03\/masc_30-1536x1152.jpg 1536w, https:\/\/rysiowapasieka.darys.pl\/wp-content\/uploads\/2022\/03\/masc_30-2048x1536.jpg 2048w, https:\/\/rysiowapasieka.darys.pl\/wp-content\/uploads\/2022\/03\/masc_30-2000x1500.jpg 2000w\" sizes=\"100vw\" \/>\t\t\t\t\t\t\t\t\t\t\t\t\t\t\t<\/div>\n\t\t\t\t<\/div>\n\t\t\t\t\t<\/div>\n\t\t<\/div>\n\t\t\t\t<div class=\"elementor-column elementor-col-50 elementor-inner-column elementor-element elementor-element-01b2eec\" data-id=\"01b2eec\" data-element_type=\"column\">\n\t\t\t<div class=\"elementor-widget-wrap elementor-element-populated\">\n\t\t\t\t\t\t\t\t<div class=\"elementor-element elementor-element-8eeef8f elementor-widget elementor-widget-heading\" data-id=\"8eeef8f\" data-element_type=\"widget\" data-widget_type=\"heading.default\">\n\t\t\t\t<div class=\"elementor-widget-container\">\n\t\t\t<h2 class=\"elementor-heading-title elementor-size-medium\">Ma\u015b\u0107 propolisowa<\/h2>\t\t<\/div>\n\t\t\t\t<\/div>\n\t\t\t\t<div class=\"elementor-element elementor-element-ca40dc8 elementor-widget elementor-widget-text-editor\" data-id=\"ca40dc8\" data-element_type=\"widget\" data-widget_type=\"text-editor.default\">\n\t\t\t\t<div class=\"elementor-widget-container\">\n\t\t\t\t\t\t\t<ul><li>s\u0142oiczek ze szk\u0142a<\/li><li>pojemno\u015b\u0107 30 ml\u00a0<\/li><li>cena: 30,00 z\u0142<\/li><\/ul>\t\t\t\t\t\t<\/div>\n\t\t\t\t<\/div>\n\t\t\t\t\t<\/div>\n\t\t<\/div>\n\t\t\t\t\t\t\t<\/div>\n\t\t<\/section>\n\t\t\t\t\t<\/div>\n\t\t<\/div>\n\t\t\t\t\t\t\t<\/div>\n\t\t<\/section>\n\t\t\t\t<section class=\"elementor-section elementor-top-section elementor-element elementor-element-84273e6 elementor-section-boxed elementor-section-height-default elementor-section-height-default\" data-id=\"84273e6\" data-element_type=\"section\">\n\t\t\t\t\t\t<div class=\"elementor-container elementor-column-gap-default\">\n\t\t\t\t\t<div class=\"elementor-column elementor-col-100 elementor-top-column elementor-element elementor-element-c2f6660\" data-id=\"c2f6660\" data-element_type=\"column\">\n\t\t\t<div class=\"elementor-widget-wrap elementor-element-populated\">\n\t\t\t\t\t\t\t\t<div class=\"elementor-element elementor-element-dd5d973 elementor-widget-divider--view-line elementor-widget elementor-widget-divider\" data-id=\"dd5d973\" data-element_type=\"widget\" data-widget_type=\"divider.default\">\n\t\t\t\t<div class=\"elementor-widget-container\">\n\t\t\t\t\t<div class=\"elementor-divider\">\n\t\t\t<span class=\"elementor-divider-separator\">\n\t\t\t\t\t\t<\/span>\n\t\t<\/div>\n\t\t\t\t<\/div>\n\t\t\t\t<\/div>\n\t\t\t\t<section class=\"elementor-section elementor-inner-section elementor-element elementor-element-20a2707 elementor-section-boxed elementor-section-height-default elementor-section-height-default\" data-id=\"20a2707\" data-element_type=\"section\">\n\t\t\t\t\t\t<div class=\"elementor-container elementor-column-gap-default\">\n\t\t\t\t\t<div class=\"elementor-column elementor-col-50 elementor-inner-column elementor-element elementor-element-a8315aa\" data-id=\"a8315aa\" data-element_type=\"column\">\n\t\t\t<div class=\"elementor-widget-wrap elementor-element-populated\">\n\t\t\t\t\t\t\t\t<div class=\"elementor-element elementor-element-6043a5d elementor-widget elementor-widget-image\" data-id=\"6043a5d\" data-element_type=\"widget\" data-widget_type=\"image.default\">\n\t\t\t\t<div class=\"elementor-widget-container\">\n\t\t\t\t\t\t\t\t\t\t\t\t\t\t\t<img decoding=\"async\" width=\"950\" height=\"713\" src=\"https:\/\/rysiowapasieka.darys.pl\/wp-content\/uploads\/2022\/03\/masc_15-1024x768.jpg\" class=\"attachment-large size-large\" alt=\"\" loading=\"lazy\" srcset=\"https:\/\/rysiowapasieka.darys.pl\/wp-content\/uploads\/2022\/03\/masc_15-1024x768.jpg 1024w, https:\/\/rysiowapasieka.darys.pl\/wp-content\/uploads\/2022\/03\/masc_15-300x225.jpg 300w, https:\/\/rysiowapasieka.darys.pl\/wp-content\/uploads\/2022\/03\/masc_15-768x576.jpg 768w, https:\/\/rysiowapasieka.darys.pl\/wp-content\/uploads\/2022\/03\/masc_15-1536x1152.jpg 1536w, https:\/\/rysiowapasieka.darys.pl\/wp-content\/uploads\/2022\/03\/masc_15-2048x1536.jpg 2048w, https:\/\/rysiowapasieka.darys.pl\/wp-content\/uploads\/2022\/03\/masc_15-2000x1500.jpg 2000w\" sizes=\"100vw\" \/>\t\t\t\t\t\t\t\t\t\t\t\t\t\t\t<\/div>\n\t\t\t\t<\/div>\n\t\t\t\t\t<\/div>\n\t\t<\/div>\n\t\t\t\t<div class=\"elementor-column elementor-col-50 elementor-inner-column elementor-element elementor-element-6d81314\" data-id=\"6d81314\" data-element_type=\"column\">\n\t\t\t<div class=\"elementor-widget-wrap elementor-element-populated\">\n\t\t\t\t\t\t\t\t<div class=\"elementor-element elementor-element-9f35cd2 elementor-widget elementor-widget-heading\" data-id=\"9f35cd2\" data-element_type=\"widget\" data-widget_type=\"heading.default\">\n\t\t\t\t<div class=\"elementor-widget-container\">\n\t\t\t<h2 class=\"elementor-heading-title elementor-size-medium\">Ma\u015b\u0107 propolisowa<\/h2>\t\t<\/div>\n\t\t\t\t<\/div>\n\t\t\t\t<div class=\"elementor-element elementor-element-7368cd0 elementor-widget elementor-widget-text-editor\" data-id=\"7368cd0\" data-element_type=\"widget\" data-widget_type=\"text-editor.default\">\n\t\t\t\t<div class=\"elementor-widget-container\">\n\t\t\t\t\t\t\t<ul><li>pude\u0142ko plastikowe<\/li><li>pojemno\u015b\u0107 15 ml\u00a0<\/li><li>cena: 15,00 z\u0142<\/li><\/ul>\t\t\t\t\t\t<\/div>\n\t\t\t\t<\/div>\n\t\t\t\t\t<\/div>\n\t\t<\/div>\n\t\t\t\t\t\t\t<\/div>\n\t\t<\/section>\n\t\t\t\t\t<\/div>\n\t\t<\/div>\n\t\t\t\t\t\t\t<\/div>\n\t\t<\/section>\n\t\t\t\t\t\t\t<\/div>\n\t\t","protected":false},"excerpt":{"rendered":"<p>Propolis (kit pszczeli) &#8211; to produkt wytwarzany przez pszczo\u0142y ze sk\u0142adnik\u00f3w zbieranych z ro\u015blin. Stanowi dla pszcz\u00f3\u0142 materia\u0142 uszczelniaj\u0105cy oraz dezynfekcyjny. Posiada w\u0142a\u015bciwo\u015bci przeciwwirusowe, przeciwzapalne, bakteriob\u00f3jcze, przeciwgrzybiczne i regeneruj\u0105ce. Jest naturalnym antybiotykiem. Najcz\u0119\u015bciej stosowany jest do: wspomagania leczenia infekcji dr\u00f3g oddechowych (b\u00f3l gard\u0142a, krtani), zwalczania wirusa opryszczki, aft, ple\u015bniawek, usuwania zmian na sk\u00f3rze (przy\u015bpiesza gojenie &hellip; <\/p>\n<p class=\"link-more\"><a href=\"https:\/\/rysiowapasieka.darys.pl\/?page_id=6797\" class=\"more-link\">Read more<span class=\"screen-reader-text\"> &#8222;Propolis&#8221;<\/span><\/a><\/p>\n","protected":false},"author":1,"featured_media":0,"parent":0,"menu_order":0,"comment_status":"closed","ping_status":"closed","template":"","meta":{"_monsterinsights_skip_tracking":false,"_monsterinsights_sitenote_active":false,"_monsterinsights_sitenote_note":"","_monsterinsights_sitenote_category":0,"inspiro_hide_title":false},"aioseo_notices":[],"_links":{"self":[{"href":"https:\/\/rysiowapasieka.darys.pl\/index.php?rest_route=\/wp\/v2\/pages\/6797"}],"collection":[{"href":"https:\/\/rysiowapasieka.darys.pl\/index.php?rest_route=\/wp\/v2\/pages"}],"about":[{"href":"https:\/\/rysiowapasieka.darys.pl\/index.php?rest_route=\/wp\/v2\/types\/page"}],"author":[{"embeddable":true,"href":"https:\/\/rysiowapasieka.darys.pl\/index.php?rest_route=\/wp\/v2\/users\/1"}],"replies":[{"embeddable":true,"href":"https:\/\/rysiowapasieka.darys.pl\/index.php?rest_route=%2Fwp%2Fv2%2Fcomments&post=6797"}],"version-history":[{"count":13,"href":"https:\/\/rysiowapasieka.darys.pl\/index.php?rest_route=\/wp\/v2\/pages\/6797\/revisions"}],"predecessor-version":[{"id":7082,"href":"https:\/\/rysiowapasieka.darys.pl\/index.php?rest_route=\/wp\/v2\/pages\/6797\/revisions\/7082"}],"wp:attachment":[{"href":"https:\/\/rysiowapasieka.darys.pl\/index.php?rest_route=%2Fwp%2Fv2%2Fmedia&parent=6797"}],"curies":[{"name":"wp","href":"https:\/\/api.w.org\/{rel}","templated":true}]}}